{"id":480,"date":"2025-07-08T02:17:20","date_gmt":"2025-07-08T02:17:20","guid":{"rendered":"https:\/\/tomatugato.com\/?page_id=480"},"modified":"2025-07-08T02:19:58","modified_gmt":"2025-07-08T02:19:58","slug":"pamela","status":"publish","type":"page","link":"https:\/\/tomatugato.com\/?page_id=480","title":{"rendered":"Pamela"},"content":{"rendered":"\n<p>Pamela, transformada como una mariposa resiliente, es hora de que tenga la vida buena que se merece.<\/p>\n\n\n<div class=\"wp-block-image\">\n<figure class=\"alignright size-large is-resized\"><img loading=\"lazy\" decoding=\"async\" width=\"768\" height=\"1024\" src=\"https:\/\/tomatugato.com\/wp-content\/uploads\/2025\/06\/Pamela-1-768x1024.jpg\" alt=\"\" class=\"wp-image-486\" style=\"width:300px;height:auto\" srcset=\"https:\/\/tomatugato.com\/wp-content\/uploads\/2025\/06\/Pamela-1-768x1024.jpg 768w, https:\/\/tomatugato.com\/wp-content\/uploads\/2025\/06\/Pamela-1-225x300.jpg 225w, https:\/\/tomatugato.com\/wp-content\/uploads\/2025\/06\/Pamela-1-1152x1536.jpg 1152w, https:\/\/tomatugato.com\/wp-content\/uploads\/2025\/06\/Pamela-1-1536x2048.jpg 1536w, https:\/\/tomatugato.com\/wp-content\/uploads\/2025\/06\/Pamela-1-scaled.jpg 1920w\" sizes=\"auto, (max-width: 768px) 100vw, 768px\" \/><\/figure>\n<\/div>\n\n\n<p>Te presentamos a <strong>Pamela, un alma preciosa que ha sufrido mucho, pero que ahora est\u00e1 en v\u00edas de recuperaci\u00f3n.<\/strong> Esta dulce gata ha sufrido el tipo de maltrato al que ning\u00fan animal deber\u00eda enfrentarse. Sin embargo, a pesar de su doloroso pasado, Pamela es muy resistente y poco a poco est\u00e1 aprendiendo a confiar de nuevo.<\/p>\n\n\n\n<p>Cuando recogimos a Pamela toda lastimada y llego por primera vez a nuestra casa de acogida, estaba asustada, magullada y aterrorizada, sus ojos estaban completamente cerrados por una severa infecci\u00f3n, sus enc\u00edas sangraban, su bajo torso estaba quemado por alg\u00fan tipo de \u00e1cido o gasolina y por ende las almohadillas de sus patas totalmente desprendidas y sangrantes. <\/p>\n\n\n<div class=\"wp-block-image\">\n<figure class=\"alignleft size-large is-resized\"><img loading=\"lazy\" decoding=\"async\" width=\"673\" height=\"1024\" src=\"https:\/\/tomatugato.com\/wp-content\/uploads\/2025\/06\/Pamela02-673x1024.jpg\" alt=\"\" class=\"wp-image-481\" style=\"width:214px;height:auto\" srcset=\"https:\/\/tomatugato.com\/wp-content\/uploads\/2025\/06\/Pamela02-673x1024.jpg 673w, https:\/\/tomatugato.com\/wp-content\/uploads\/2025\/06\/Pamela02-197x300.jpg 197w, https:\/\/tomatugato.com\/wp-content\/uploads\/2025\/06\/Pamela02-768x1168.jpg 768w, https:\/\/tomatugato.com\/wp-content\/uploads\/2025\/06\/Pamela02.jpg 944w\" sizes=\"auto, (max-width: 673px) 100vw, 673px\" \/><\/figure>\n<\/div>\n\n\n<p>Su camino de curaci\u00f3n ha sido largo y dif\u00edcil, pero hoy est\u00e1 m\u00e1s fuerte y esperanzada. Su pelaje empieza a crecer y brillar de nuevo, est\u00e1 ganando peso finalmente y sus ojos, antes tristes, brillan ahora con curiosidad y empieza a mostrar su lado juguet\u00f3n.<\/p>\n\n\n\n<p><strong>Pamela es un verdadero testimonio de la fuerza del esp\u00edritu de un animal <\/strong>y, con los cuidados y el amor adecuados, est\u00e1 lista para embarcarse en el siguiente cap\u00edtulo de su vida.<\/p>\n\n\n\n<p><strong>\u201cPame\u201d busca una familia o a su persona especial que entienda sus necesidades y le proporcione la paciencia, la seguridad y el cari\u00f1o que se merece.<\/strong> M\u00e1s que el da\u00f1o f\u00edsico, es el da\u00f1o emocional el que le llevar\u00e1 tiempo curar, as\u00ed que puede que necesite alg\u00fan tiempo para adaptarse y sentirse completamente a gusto en su nuevo hogar.<\/p>\n\n\n\n<p>Pero con un enfoque cari\u00f1oso y amable, se convertir\u00e1 en la m\u00e1s amorosa compa\u00f1era que sabemos que puede llegar a ser, lo hemos comprobado, ya que cuando se siente en confianza se desbarata en mimos en tus manos. <strong>Pamela tiene mucho amor que dar y una gran vida por delante; solo necesita a la persona adecuada que le d\u00e9 la oportunidad. <\/strong>\u00bfEres t\u00fa, acaso?<\/p>\n\n\n\n<h2 class=\"wp-block-heading has-text-align-left\">Ficha t\u00e9cnica:<\/h2>\n\n\n\n<p><strong>Nombre:<\/strong> Pamela<br><strong>Sexo:<\/strong> Hembra<br><strong>Raza:<\/strong> Americano dom\u00e9stico &#8211; peli corto<br><strong>Color:<\/strong> Blanco y gris<br><strong>Edad: <\/strong>3 a\u00f1os aprox.<br><strong>Estatus de salud:<\/strong> Bueno, esterilizada y vacunada.<br><strong>Personalidad:<\/strong> Es un poco nerviosa con desconocidos, pero, ya que siente en confianza, es cari\u00f1osa. Se puede relacionar con otros gatos y perros. Recomendamos no ni\u00f1os.<\/p>\n\n\n<style>.wp-block-kadence-advancedbtn.kb-btns480_e84c1c-5f{gap:var(--global-kb-gap-xs, 0.5rem );justify-content:center;align-items:center;}.kt-btns480_e84c1c-5f .kt-button{font-weight:normal;font-style:normal;}.kt-btns480_e84c1c-5f .kt-btn-wrap-0{margin-right:5px;}.wp-block-kadence-advancedbtn.kt-btns480_e84c1c-5f .kt-btn-wrap-0 .kt-button{color:#555555;border-color:#555555;}.wp-block-kadence-advancedbtn.kt-btns480_e84c1c-5f .kt-btn-wrap-0 .kt-button:hover, .wp-block-kadence-advancedbtn.kt-btns480_e84c1c-5f .kt-btn-wrap-0 .kt-button:focus{color:#ffffff;border-color:#444444;}.wp-block-kadence-advancedbtn.kt-btns480_e84c1c-5f .kt-btn-wrap-0 .kt-button::before{display:none;}.wp-block-kadence-advancedbtn.kt-btns480_e84c1c-5f .kt-btn-wrap-0 .kt-button:hover, .wp-block-kadence-advancedbtn.kt-btns480_e84c1c-5f .kt-btn-wrap-0 .kt-button:focus{background:#444444;}<\/style>\n<div class=\"wp-block-kadence-advancedbtn kb-buttons-wrap kb-btns480_e84c1c-5f\"><style>ul.menu .wp-block-kadence-advancedbtn .kb-btn480_bc8748-00.kb-button{width:initial;}<\/style><a class=\"kb-button kt-button button kb-btn480_bc8748-00 kt-btn-size-standard kt-btn-width-type-auto kb-btn-global-fill  kt-btn-has-text-true kt-btn-has-svg-false  wp-block-kadence-singlebtn\" href=\"https:\/\/tomatugato.com\/?page_id=190\" target=\"_blank\" rel=\"noreferrer noopener\"><span class=\"kt-btn-inner-text\">Quiero adoptar a Pamela<\/span><\/a><\/div>\n","protected":false},"excerpt":{"rendered":"<p>Pamela, transformada como una mariposa resiliente, es hora de que tenga la vida buena que se merece. Te presentamos a Pamela, un alma preciosa que ha sufrido mucho, pero que ahora est\u00e1 en v\u00edas de recuperaci\u00f3n. Esta dulce gata ha sufrido el tipo de maltrato al que ning\u00fan animal deber\u00eda enfrentarse. Sin embargo, a pesar&#8230;<\/p>\n","protected":false},"author":1,"featured_media":0,"parent":0,"menu_order":0,"comment_status":"closed","ping_status":"closed","template":"","meta":{"_monsterinsights_skip_tracking":false,"_monsterinsights_sitenote_active":false,"_monsterinsights_sitenote_note":"","_monsterinsights_sitenote_category":0,"_kadence_starter_templates_imported_post":false,"_kad_post_transparent":"","_kad_post_title":"","_kad_post_layout":"","_kad_post_sidebar_id":"","_kad_post_content_style":"","_kad_post_vertical_padding":"","_kad_post_feature":"","_kad_post_feature_position":"","_kad_post_header":false,"_kad_post_footer":false,"_kad_post_classname":"","footnotes":""},"class_list":["post-480","page","type-page","status-publish","hentry"],"aioseo_notices":[],"_links":{"self":[{"href":"https:\/\/tomatugato.com\/index.php?rest_route=\/wp\/v2\/pages\/480","targetHints":{"allow":["GET"]}}],"collection":[{"href":"https:\/\/tomatugato.com\/index.php?rest_route=\/wp\/v2\/pages"}],"about":[{"href":"https:\/\/tomatugato.com\/index.php?rest_route=\/wp\/v2\/types\/page"}],"author":[{"embeddable":true,"href":"https:\/\/tomatugato.com\/index.php?rest_route=\/wp\/v2\/users\/1"}],"replies":[{"embeddable":true,"href":"https:\/\/tomatugato.com\/index.php?rest_route=%2Fwp%2Fv2%2Fcomments&post=480"}],"version-history":[{"count":6,"href":"https:\/\/tomatugato.com\/index.php?rest_route=\/wp\/v2\/pages\/480\/revisions"}],"predecessor-version":[{"id":501,"href":"https:\/\/tomatugato.com\/index.php?rest_route=\/wp\/v2\/pages\/480\/revisions\/501"}],"wp:attachment":[{"href":"https:\/\/tomatugato.com\/index.php?rest_route=%2Fwp%2Fv2%2Fmedia&parent=480"}],"curies":[{"name":"wp","href":"https:\/\/api.w.org\/{rel}","templated":true}]}}