{"id":356,"date":"2025-01-21T04:17:27","date_gmt":"2025-01-21T04:17:27","guid":{"rendered":"https:\/\/tomatugato.com\/?page_id=356"},"modified":"2025-01-23T02:01:10","modified_gmt":"2025-01-23T02:01:10","slug":"sebastian","status":"publish","type":"page","link":"https:\/\/tomatugato.com\/?page_id=356","title":{"rendered":"Sebasti\u00e1n"},"content":{"rendered":"<style>.kb-image356_cb9752-15.kb-image-is-ratio-size, .kb-image356_cb9752-15 .kb-image-is-ratio-size{max-width:405px;width:100%;}.wp-block-kadence-column > .kt-inside-inner-col > .kb-image356_cb9752-15.kb-image-is-ratio-size, .wp-block-kadence-column > .kt-inside-inner-col > .kb-image356_cb9752-15 .kb-image-is-ratio-size{align-self:unset;}.kb-image356_cb9752-15 figure{max-width:405px;}.kb-image356_cb9752-15 .image-is-svg, .kb-image356_cb9752-15 .image-is-svg img{width:100%;}.kb-image356_cb9752-15 .kb-image-has-overlay:after{opacity:0.3;}<\/style>\n<div class=\"wp-block-kadence-image kb-image356_cb9752-15\"><figure class=\"alignleft size-large\"><img decoding=\"async\" src=\"https:\/\/tomatugato.com\/wp-content\/uploads\/2025\/01\/Sebastian-768x1024.jpg\" alt=\"\" class=\"kb-img wp-image-345\"\/><figcaption>Gato esterilizado en adopci\u00f3n<\/figcaption><\/figure><\/div>\n\n\n\n<p><strong>\u00a1Conoce a nuestro querido <em>Sebasti\u00e1n<\/em>, el pr\u00edncipe perdido que est\u00e1 buscando su regreso a un hogar lleno de amor!<\/strong> <\/p>\n\n\n\n<p>A Sebasti\u00e1n lo recogimos en la calle, hambriento, sucio y lastimado, como muchos otros a los que hemos rescatado. Al parecer pertenec\u00eda a una familia porque no es hura\u00f1o, sabe usar la caja de arena y <strong>es sorprendentemente educado, lo que se conoce como un &#8220;jovencito de buenos modales&#8221;;<\/strong> \u00e9l de inmediato agradeci\u00f3 los primeros cuidados que se le dieron.<\/p>\n\n\n\n<p><strong>A primera vista, puede parecer un gato arrabalero, con su pelaje un poco desali\u00f1ado y su andar despreocupado. Sin embargo, detr\u00e1s de esa apariencia se esconde un coraz\u00f3n noble y cari\u00f1oso, como el de un pr\u00edncipe perdido que finalmente ha encontrado su camino de regreso a casa. <\/strong>Este dulce felino ha aprendido a sobrevivir en las calles, pero descubrimos que lo que realmente anhela es un lugar c\u00e1lido donde pueda sentirse seguro y amado.<\/p>\n\n\n\n<p><strong>A pesar de su pasado, este gato es incre\u00edblemente tranquilo y obediente, (nos dice el <em>vete <\/em>que es el mejor paciente). Se adapta f\u00e1cilmente a su entorno y disfruta de la compa\u00f1\u00eda de las personas en un entorno apacible,<\/strong> no recomendamos una familia ruidosa o con ni\u00f1os, ya que a\u00fan se altera muy f\u00e1cilmente, no sabemos que tan abusado fue. Su naturaleza apacible brilla en cada ronroneo y en cada suave toque de sus grandes patas. Le encanta acurrucarse en alg\u00fan rinc\u00f3n donde se sienta seguro y no hay nada que le haga m\u00e1s feliz que un rayo de sol donde pueda descansar y so\u00f1ar en una tarde tranquila. <strong>Es el compa\u00f1ero perfecto para aquellos que buscan un amigo leal y sereno.<\/strong><\/p>\n\n\n\n<p>Si est\u00e1s buscando un compa\u00f1ero que te brinde compa\u00f1\u00eda y serenidad, este gato es la elecci\u00f3n ideal. Con un poco de paciencia y cari\u00f1o, podr\u00e1s ayudarlo a dejar atr\u00e1s su vida en la calle y a florecer en un hogar donde se sienta valorado. \u00a1Dale la oportunidad de demostrarte que, aunque su apariencia pueda ser la de un gato arrabalero, su coraz\u00f3n es el de un verdadero pr\u00edncipe! Con\u00f3celo y d\u00e9jate conquistar por su encanto.<\/p>\n\n\n\n<h2 class=\"wp-block-heading has-text-align-left\">Ficha t\u00e9cnica:<\/h2>\n\n\n\n<p><strong>Nombre:<\/strong> Sebasti\u00e1n<br><strong>Sexo:<\/strong> Macho<br><strong>Raza:<\/strong> Americano dom\u00e9stico &#8211; peli corto<br><strong>Color:<\/strong> Blanco y negro (tipo <em>smoking<\/em>)<br><strong>Edad: <\/strong>2 a\u00f1os aprox.<br><strong>Estatus de salud:<\/strong> Bueno, esterilizado y vacunado.<br><strong>Personalidad:<\/strong> Sereno y obediente. Se puede relacionar con otros gatos y perros. Recomendamos no ni\u00f1os.<\/p>\n\n\n<style>.wp-block-kadence-advancedbtn.kb-btns356_2a2681-16{gap:var(--global-kb-gap-xs, 0.5rem );justify-content:center;align-items:center;}.kt-btns356_2a2681-16 .kt-button{font-weight:normal;font-style:normal;}.kt-btns356_2a2681-16 .kt-btn-wrap-0{margin-right:5px;}.wp-block-kadence-advancedbtn.kt-btns356_2a2681-16 .kt-btn-wrap-0 .kt-button{color:#555555;border-color:#555555;}.wp-block-kadence-advancedbtn.kt-btns356_2a2681-16 .kt-btn-wrap-0 .kt-button:hover, .wp-block-kadence-advancedbtn.kt-btns356_2a2681-16 .kt-btn-wrap-0 .kt-button:focus{color:#ffffff;border-color:#444444;}.wp-block-kadence-advancedbtn.kt-btns356_2a2681-16 .kt-btn-wrap-0 .kt-button::before{display:none;}.wp-block-kadence-advancedbtn.kt-btns356_2a2681-16 .kt-btn-wrap-0 .kt-button:hover, .wp-block-kadence-advancedbtn.kt-btns356_2a2681-16 .kt-btn-wrap-0 .kt-button:focus{background:#444444;}<\/style>\n<div class=\"wp-block-kadence-advancedbtn kb-buttons-wrap kb-btns356_2a2681-16\"><style>ul.menu .wp-block-kadence-advancedbtn .kb-btn356_d80177-cb.kb-button{width:initial;}<\/style><a class=\"kb-button kt-button button kb-btn356_d80177-cb kt-btn-size-standard kt-btn-width-type-auto kb-btn-global-fill  kt-btn-has-text-true kt-btn-has-svg-false  wp-block-kadence-singlebtn\" href=\"https:\/\/tomatugato.com\/?page_id=190\"><span class=\"kt-btn-inner-text\">QUIERO ADOPTAR A <strong>SEBASTI\u00c1N<\/strong><\/span><\/a><\/div>\n\n\n\n<p><\/p>\n","protected":false},"excerpt":{"rendered":"<p>\u00a1Conoce a nuestro querido Sebasti\u00e1n, el pr\u00edncipe perdido que est\u00e1 buscando su regreso a un hogar lleno de amor! A Sebasti\u00e1n lo recogimos en la calle, hambriento, sucio y lastimado, como muchos otros a los que hemos rescatado. Al parecer pertenec\u00eda a una familia porque no es hura\u00f1o, sabe usar la caja de arena y&#8230;<\/p>\n","protected":false},"author":1,"featured_media":0,"parent":0,"menu_order":0,"comment_status":"closed","ping_status":"closed","template":"","meta":{"_monsterinsights_skip_tracking":false,"_monsterinsights_sitenote_active":false,"_monsterinsights_sitenote_note":"","_monsterinsights_sitenote_category":0,"_kadence_starter_templates_imported_post":false,"_kad_post_transparent":"","_kad_post_title":"","_kad_post_layout":"","_kad_post_sidebar_id":"","_kad_post_content_style":"","_kad_post_vertical_padding":"","_kad_post_feature":"","_kad_post_feature_position":"","_kad_post_header":false,"_kad_post_footer":false,"_kad_post_classname":"","footnotes":""},"class_list":["post-356","page","type-page","status-publish","hentry"],"aioseo_notices":[],"_links":{"self":[{"href":"https:\/\/tomatugato.com\/index.php?rest_route=\/wp\/v2\/pages\/356","targetHints":{"allow":["GET"]}}],"collection":[{"href":"https:\/\/tomatugato.com\/index.php?rest_route=\/wp\/v2\/pages"}],"about":[{"href":"https:\/\/tomatugato.com\/index.php?rest_route=\/wp\/v2\/types\/page"}],"author":[{"embeddable":true,"href":"https:\/\/tomatugato.com\/index.php?rest_route=\/wp\/v2\/users\/1"}],"replies":[{"embeddable":true,"href":"https:\/\/tomatugato.com\/index.php?rest_route=%2Fwp%2Fv2%2Fcomments&post=356"}],"version-history":[{"count":11,"href":"https:\/\/tomatugato.com\/index.php?rest_route=\/wp\/v2\/pages\/356\/revisions"}],"predecessor-version":[{"id":441,"href":"https:\/\/tomatugato.com\/index.php?rest_route=\/wp\/v2\/pages\/356\/revisions\/441"}],"wp:attachment":[{"href":"https:\/\/tomatugato.com\/index.php?rest_route=%2Fwp%2Fv2%2Fmedia&parent=356"}],"curies":[{"name":"wp","href":"https:\/\/api.w.org\/{rel}","templated":true}]}}