{"id":32,"date":"2023-11-18T23:48:32","date_gmt":"2023-11-18T23:48:32","guid":{"rendered":"https:\/\/tomatugato.com\/?page_id=32"},"modified":"2025-09-06T02:55:25","modified_gmt":"2025-09-06T02:55:25","slug":"adopta-toma-tu-gato","status":"publish","type":"page","link":"https:\/\/tomatugato.com\/?page_id=32","title":{"rendered":"\u00bfQui\u00e9nes Somos?"},"content":{"rendered":"<div class=\"wp-block-image\">\n<figure class=\"aligncenter size-full is-resized\"><img loading=\"lazy\" decoding=\"async\" width=\"1920\" height=\"1080\" src=\"http:\/\/tomatugato.com\/wp-content\/uploads\/2023\/11\/gatosenadopcion-guadalajara.jpg\" alt=\"\" class=\"wp-image-47\" style=\"width:802px;height:auto\"\/><\/figure>\n<\/div>\n\n\n<p><strong>TOMA TU GATO<\/strong> es un espacio cuyo prop\u00f3sito es <strong>dar a conocer gatos adultos y gatitos beb\u00e9s sin hogar<\/strong>, abandonados o maltratados a los que rescatamos y cuidamos, d\u00e1ndoles la oportunidad de que emerja su aut\u00e9ntica naturaleza gatuna, brindando la opci\u00f3n de encontrarles un maravilloso hogar para siempre y dejar atr\u00e1s el infierno que ha sido la calle para ellos.<\/p>\n\n\n\n<p>Ya sea que hayas adoptado o no mascotas antes, estamos seguros de que has escuchado la expresi\u00f3n &#8220;ADOPTA, NO COMPRES&#8221;. Los animales de compa\u00f1\u00eda deben considerarse miembros de nuestra familia, por lo que tiene sentido llamarlo \u201cadopci\u00f3n\u201d cuando traes uno a tu hogar.<\/p>\n\n\n\n<blockquote class=\"wp-block-quote is-layout-flow wp-block-quote-is-layout-flow\">\n<p><strong>\u201cHay un gato para cada humano, y un humano para cada gato\u201d. <\/strong><\/p>\n<cite>No lo dijo <em>Nietzsche<\/em>, pero lo decimos nosotros<\/cite><\/blockquote>\n\n\n\n<h4 class=\"wp-block-heading\">Pero, \u00bfcu\u00e1l es el real sentido y significado de una \u201cadopci\u00f3n\u201d?<\/h4>\n\n\n\n<p><strong>\u201cSignifica salvar a uno de los m\u00e1s de 13 millones de mascotas (gatos y perros, entre otros) que se encuentran en situaci\u00f3n de abandono en M\u00e9xico\u201d<\/strong>, acorde a datos del INEGI. Para darnos una idea del problema: si todos los perros y gatos callejeros tuvieran su propio estado, este ser\u00eda el segundo m\u00e1s poblado de todo M\u00e9xico.<\/p>\n\n\n\n<blockquote class=\"wp-block-quote is-style-default is-layout-flow wp-block-quote-is-layout-flow\">\n<p>\u201cADOPTAR significa nunca comprar perros, gatos, h\u00e1msters, peces, p\u00e1jaros, conejillos de indias, ratones, aves o cualquier otro ser vivo de una tienda de mascotas, un mercado y mucho menos de un criador\u201d.<\/p>\n\n\n<style>.wp-block-kadence-advancedheading.kt-adv-heading32_fb0d08-84, .wp-block-kadence-advancedheading.kt-adv-heading32_fb0d08-84[data-kb-block=\"kb-adv-heading32_fb0d08-84\"]{font-style:normal;}.wp-block-kadence-advancedheading.kt-adv-heading32_fb0d08-84 mark.kt-highlight, .wp-block-kadence-advancedheading.kt-adv-heading32_fb0d08-84[data-kb-block=\"kb-adv-heading32_fb0d08-84\"] mark.kt-highlight{font-style:normal;color:#f76a0c;-webkit-box-decoration-break:clone;box-decoration-break:clone;padding-top:0px;padding-right:0px;padding-bottom:0px;padding-left:0px;}.wp-block-kadence-advancedheading.kt-adv-heading32_fb0d08-84 img.kb-inline-image, .wp-block-kadence-advancedheading.kt-adv-heading32_fb0d08-84[data-kb-block=\"kb-adv-heading32_fb0d08-84\"] img.kb-inline-image{width:150px;vertical-align:baseline;}<\/style>\n<h6 class=\"kt-adv-heading32_fb0d08-84 wp-block-kadence-advancedheading\" data-kb-block=\"kb-adv-heading32_fb0d08-84\">Nuestra misi\u00f3n<\/h6>\n\n\n\n<p>Proteger el bienestar de los gatos que recogemos para dar en adopci\u00f3n, preservar el v\u00ednculo humano-animal y evitar la superpoblaci\u00f3n de animales de compa\u00f1\u00eda en nuestra comunidad.<br><\/p>\n\n\n\n<h6 class=\"wp-block-heading\">Nuestros valores<\/h6>\n\n\n\n<p>Compasi\u00f3n. Credibilidad. Empat\u00eda. Paciencia. Colaboraci\u00f3n. Compromiso.<br><\/p>\n\n\n\n<h6 class=\"wp-block-heading\">Nuestra visi\u00f3n<\/h6>\n\n\n\n<p>Que todos los animales dom\u00e9sticos sean felices, est\u00e9n sanos, seguros y sean queridos, cuidados y respetados en sus hogares.<\/p>\n<\/blockquote>\n\n\n\n<p><\/p>\n","protected":false},"excerpt":{"rendered":"<p>TOMA TU GATO es un espacio cuyo prop\u00f3sito es dar a conocer gatos adultos y gatitos beb\u00e9s sin hogar, abandonados o maltratados a los que rescatamos y cuidamos, d\u00e1ndoles la oportunidad de que emerja su aut\u00e9ntica naturaleza gatuna, brindando la opci\u00f3n de encontrarles un maravilloso hogar para siempre y dejar atr\u00e1s el infierno que ha&#8230;<\/p>\n","protected":false},"author":1,"featured_media":0,"parent":189,"menu_order":0,"comment_status":"open","ping_status":"closed","template":"","meta":{"_monsterinsights_skip_tracking":false,"_monsterinsights_sitenote_active":false,"_monsterinsights_sitenote_note":"","_monsterinsights_sitenote_category":0,"_kadence_starter_templates_imported_post":false,"_kad_post_transparent":"","_kad_post_title":"","_kad_post_layout":"","_kad_post_sidebar_id":"","_kad_post_content_style":"","_kad_post_vertical_padding":"","_kad_post_feature":"","_kad_post_feature_position":"","_kad_post_header":false,"_kad_post_footer":false,"_kad_post_classname":"","footnotes":""},"class_list":["post-32","page","type-page","status-publish","hentry"],"aioseo_notices":[],"_links":{"self":[{"href":"https:\/\/tomatugato.com\/index.php?rest_route=\/wp\/v2\/pages\/32","targetHints":{"allow":["GET"]}}],"collection":[{"href":"https:\/\/tomatugato.com\/index.php?rest_route=\/wp\/v2\/pages"}],"about":[{"href":"https:\/\/tomatugato.com\/index.php?rest_route=\/wp\/v2\/types\/page"}],"author":[{"embeddable":true,"href":"https:\/\/tomatugato.com\/index.php?rest_route=\/wp\/v2\/users\/1"}],"replies":[{"embeddable":true,"href":"https:\/\/tomatugato.com\/index.php?rest_route=%2Fwp%2Fv2%2Fcomments&post=32"}],"version-history":[{"count":11,"href":"https:\/\/tomatugato.com\/index.php?rest_route=\/wp\/v2\/pages\/32\/revisions"}],"predecessor-version":[{"id":463,"href":"https:\/\/tomatugato.com\/index.php?rest_route=\/wp\/v2\/pages\/32\/revisions\/463"}],"up":[{"embeddable":true,"href":"https:\/\/tomatugato.com\/index.php?rest_route=\/wp\/v2\/pages\/189"}],"wp:attachment":[{"href":"https:\/\/tomatugato.com\/index.php?rest_route=%2Fwp%2Fv2%2Fmedia&parent=32"}],"curies":[{"name":"wp","href":"https:\/\/api.w.org\/{rel}","templated":true}]}}